{"id":455,"date":"2024-05-14T11:45:02","date_gmt":"2024-05-14T11:45:02","guid":{"rendered":"https:\/\/volare-project.eu\/description-aims\/"},"modified":"2025-03-12T11:47:27","modified_gmt":"2025-03-12T11:47:27","slug":"description-objectifs-du-projet","status":"publish","type":"page","link":"https:\/\/volare-project.eu\/fr\/description-objectifs-du-projet\/","title":{"rendered":"Description &#038; Objectifs du Projet"},"content":{"rendered":"<div class=\"wpb-content-wrapper\"><p>[vc_row][vc_column][vc_column_text css=\u00a0\u00bb\u00a0\u00bb]<\/p>\n<h2>DESCRIPTION<\/h2>\n<p>[\/vc_column_text][vc_column_text css=\u00a0\u00bb\u00a0\u00bb]Le projet vise \u00e0 cr\u00e9er un r\u00e9f\u00e9rentiel num\u00e9rique qui capture des t\u00e9moignages r\u00e9els de personnes appartenant \u00e0 des groupes minoritaires et \u00e0 familiariser les \u00e9tudiants et les \u00e9ducateurs avec la m\u00e9thodologie interdisciplinaire et les approches ethnographiques participatives. En pla\u00e7ant les voix et les biographies des \u00e9tudiants et enseignants migrants\/r\u00e9fugi\u00e9s au premier plan de l&rsquo;\u00e9ducation, la plateforme offrira aux visiteurs divers parcours d&rsquo;apprentissage en rassemblant et en combinant des ressources bas\u00e9es sur la recherche (texte, son, exercice, exp\u00e9rience, vid\u00e9o, etc.), m\u00e9langeant ainsi plusieurs points de vue. Un partenariat de quatre organismes (3 universit\u00e9s europ\u00e9ennes et 1 collectif technologique) de Gr\u00e8ce, de Bulgarie et de France utilisera une approche de recherche participative et d\u00e9veloppera un r\u00e9f\u00e9rentiel num\u00e9rique pour l&rsquo;\u00e9ducation multimodale bas\u00e9 sur un travail ethnographique de terrain et une documentation vid\u00e9o de t\u00e9moignages issus du contexte des migrants, des r\u00e9fugi\u00e9s. et les communaut\u00e9s minoritaires.[\/vc_column_text][vc_row_inner el_class=\u00a0\u00bbsection-image-container\u00a0\u00bb][vc_column_inner][vc_raw_html css=\u00a0\u00bb\u00a0\u00bb]JTNDc3ZnJTIweG1sbnMlM0QlMjJodHRwJTNBJTJGJTJGd3d3LnczLm9yZyUyRjIwMDAlMkZzdmclMjIlMjB2ZXJzaW9uJTNEJTIyMS4xJTIyJTIwd2lkdGglM0QlMjIxOTRweCUyMiUyMGhlaWdodCUzRCUyMjIwMHB4JTIyJTIwc3R5bGUlM0QlMjJzaGFwZS1yZW5kZXJpbmclM0FnZW9tZXRyaWNQcmVjaXNpb24lM0IlMjB0ZXh0LXJlbmRlcmluZyUzQWdlb21ldHJpY1ByZWNpc2lvbiUzQiUyMGltYWdlLXJlbmRlcmluZyUzQW9wdGltaXplUXVhbGl0eSUzQiUyMGZpbGwtcnVsZSUzQWV2ZW5vZGQlM0IlMjBjbGlwLXJ1bGUlM0FldmVub2RkJTIyJTIweG1sbnMlM0F4bGluayUzRCUyMmh0dHAlM0ElMkYlMkZ3d3cudzMub3JnJTJGMTk5OSUyRnhsaW5rJTIyJTNFJTBBJTNDZyUzRSUzQ3BhdGglMjBkJTNEJTIyTSUyMDExMS41JTJDLTAuNSUyMEMlMjAxMTUuODMzJTJDLTAuNSUyMDEyMC4xNjclMkMtMC41JTIwMTI0LjUlMkMtMC41QyUyMDE1My4yODElMkMtMC41NjI1MDMlMjAxNzMuMTE1JTJDMTIuNzcwOCUyMDE4NCUyQzM5LjVDJTIwMTk1LjMzMyUyQzcyLjg4NjQlMjAxOTUlMkMxMDYuMjIlMjAxODMlMkMxMzkuNUMlMjAxNjQuMjI5JTJDMTgzLjYzNiUyMDEzMS4wNjMlMkMyMDIuNDclMjA4My41JTJDMTk2QyUyMDcwLjEzNzclMkMxOTIuMTU2JTIwNTguNDcxJTJDMTg1LjQ5JTIwNDguNSUyQzE3NkMlMjAzMS4yMTM3JTJDMTYwLjM5MSUyMDE3LjM4MDQlMkMxNDIuMjI0JTIwNyUyQzEyMS41QyUyMC01LjI0OTEzJTJDODAuNTgyJTIwNS4yNTA4NyUyQzQ2Ljc0ODclMjAzOC41JTJDMjBDJTIwNTMuMjU3NiUyQzkuODU3MDIlMjA2OS41OTA5JTJDMy44NTcwMiUyMDg3LjUlMkMyQyUyMDk1LjY1ODYlMkMxLjIyODQxJTIwMTAzLjY1OSUyQzAuMzk1MDglMjAxMTEuNSUyQy0wLjUlMjBaJTIyJTJGJTNFJTNDJTJGZyUzRSUwQSUzQyUyRnN2ZyUzRQ==[\/vc_raw_html][vc_single_image image=\u00a0\u00bb409&Prime; img_size=\u00a0\u00bblarge\u00a0\u00bb css=\u00a0\u00bb\u00a0\u00bb el_class=\u00a0\u00bbsection-image\u00a0\u00bb][\/vc_column_inner][\/vc_row_inner][\/vc_column][\/vc_row][vc_row full_width=\u00a0\u00bbstretch_row\u00a0\u00bb css=\u00a0\u00bb.vc_custom_1716553440289{background-color: #ffffff !important;}\u00a0\u00bb][vc_column][vc_column_text css=\u00a0\u00bb\u00a0\u00bb]<\/p>\n<h2>OBJECTIFS DU PROJET<\/h2>\n<p>[\/vc_column_text][vc_column_text css=\u00a0\u00bb\u00a0\u00bb]La motivation pour la mise en \u0153uvre de ce projet est venue du manque de mat\u00e9riel multimodal bas\u00e9 sur la recherche pour former les enseignants qui travaillent avec des populations minoritaires et en mouvement, en particulier dans la r\u00e9gion du sud-est de l&rsquo;Europe. Ce manque de collecte syst\u00e9matique, de conservation et d&rsquo;utilisation p\u00e9dagogique du mat\u00e9riel ethnographique traitant de l&rsquo;\u00e9ducation des populations minoritaires et mobiles dans la r\u00e9gion (et en particulier en Gr\u00e8ce comme point d&rsquo;entr\u00e9e sur le continent europ\u00e9en) a cr\u00e9\u00e9 des connaissances insuffisantes et des pratiques limit\u00e9es pour compr\u00e9hension et pour enseigner aux \u00e9tudiants qui poss\u00e8dent cette formation. Compte tenu notamment de la r\u00e9cente prolif\u00e9ration des m\u00e9thodes d\u2019enseignement \u00e0 distance et de l\u2019utilisation accrue de mat\u00e9riel multimodal, le d\u00e9veloppement de mat\u00e9riel de formation de haute qualit\u00e9 bas\u00e9 sur la recherche est plus urgent que jamais.<\/p>\n<p>Le projet VOLARE a les principaux objectifs suivants :<\/p>\n<ul>\n<li>Cr\u00e9er un consortium international d&rsquo;\u00e9tablissements d&rsquo;enseignement sup\u00e9rieur (EES) et de partenaires non universitaires dans le but principal de cr\u00e9er un r\u00e9f\u00e9rentiel bas\u00e9 sur la recherche pour l&rsquo;\u00e9ducation interculturelle.<\/li>\n<li>Recueillir, d\u00e9velopper et affiner les pratiques innovantes, les initiatives scolaires innovantes et les m\u00e9thodologies exp\u00e9rimentales sur l&rsquo;\u00e9ducation MRM<\/li>\n<li>Recueillir du mat\u00e9riel ethnographique de terrain sur la relation entre d\u00e9placement et \u00e9ducation dans le sud de l&rsquo;Europe<\/li>\n<li>Cr\u00e9er et fournir un ensemble de ressources \u00e0 conserver dans un r\u00e9f\u00e9rentiel num\u00e9rique dynamique qui renforcera les capacit\u00e9s de recherche et d&rsquo;enseignement des institutions impliqu\u00e9es ainsi que d&rsquo;autres b\u00e9n\u00e9ficiaires acad\u00e9miques et non universitaires.<\/li>\n<li>Travailler \u00e0 la cr\u00e9ation de plateformes num\u00e9riques inclusives et culturellement sensibles pour les technologies \u00e9ducatives qui soutiennent activement la diversit\u00e9<\/li>\n<li>Am\u00e9liorer les comp\u00e9tences num\u00e9riques des enseignants, des universitaires et des \u00e9tudiants dans le domaine de l&rsquo;\u00e9ducation interculturelle<\/li>\n<li>\u00a0Soutenir le renforcement des capacit\u00e9s des organisations participantes au niveau transnational dans le domaine de l&rsquo;\u00e9ducation MRM et de l&rsquo;\u00e9ducation et de la formation num\u00e9riques.<\/li>\n<\/ul>\n<p>L&rsquo;objectif principal du projet comprend la collecte de mat\u00e9riel ethnographique, d&rsquo;archives et p\u00e9dagogique sur l&rsquo;\u00e9ducation des minorit\u00e9s, des migrants et des r\u00e9fugi\u00e9s et sa conservation dans un r\u00e9f\u00e9rentiel num\u00e9rique en libre acc\u00e8s qui \u00e9claire les divers t\u00e9moignages des gens et comment ils peuvent devenir une source de connaissances et une base des m\u00e9thodologies \u00e9ducatives contemporaines. Cela souligne l\u2019orientation vers la construction de syst\u00e8mes d\u2019enseignement sup\u00e9rieur inclusifs et le soutien de m\u00e9thodologies d\u2019apprentissage et d\u2019enseignement innovants qui font tant d\u00e9faut dans le sud de l\u2019Europe. Comme objectif secondaire, il d\u00e9veloppe des capacit\u00e9s num\u00e9riques consid\u00e9rables pour les \u00e9tudiants universitaires, les universitaires ainsi que les enseignants de l&rsquo;\u00e9ducation formelle et autres parties int\u00e9ress\u00e9es. De plus, le caract\u00e8re multilingue du mat\u00e9riel collect\u00e9 servira de pont entre diverses exp\u00e9riences de d\u00e9placement et de stigmatisation sociale. En tant qu&rsquo;objectif \u00e0 long terme, VOLARE soutient l&rsquo;int\u00e9gration des migrants et des personnes d\u00e9plac\u00e9es\u00a0:<\/p>\n<ol>\n<li>au niveau de la repr\u00e9sentation, car elle rend leurs exp\u00e9riences cr\u00e9dibles et entendues et \u00e9largit la base de connaissances \u00e0 leur sujet ;<\/li>\n<li>au niveau de l&rsquo;\u00e9ducation formelle, car elle aide les enseignants \u00e0 mieux comprendre leurs besoins et leurs attentes,<\/li>\n<li>au niveau soci\u00e9tal, car il met l&rsquo;accent sur les strat\u00e9gies p\u00e9dagogiques qui valorisent la diff\u00e9rence et promeuvent l&rsquo;\u00e9quit\u00e9 et la justice sociale dans l&rsquo;enseignement secondaire et sup\u00e9rieur, promouvant ainsi les comp\u00e9tences civiques dans l&rsquo;\u00e9ducation.<\/li>\n<\/ol>\n<p>[\/vc_column_text][\/vc_column][\/vc_row]<\/p>\n<\/div>","protected":false},"excerpt":{"rendered":"<p>[vc_row][vc_column][vc_column_text css=\u00a0\u00bb\u00a0\u00bb] DESCRIPTION [\/vc_column_text][vc_column_text css=\u00a0\u00bb\u00a0\u00bb]Le projet vise \u00e0 cr\u00e9er un r\u00e9f\u00e9rentiel num\u00e9rique qui capture des t\u00e9moignages r\u00e9els de personnes appartenant \u00e0 des groupes minoritaires et \u00e0 familiariser les \u00e9tudiants et les \u00e9ducateurs avec la m\u00e9thodologie interdisciplinaire et les approches ethnographiques participatives. En pla\u00e7ant les voix et les biographies des \u00e9tudiants et enseignants migrants\/r\u00e9fugi\u00e9s au premier [&#8230;]<\/p>\n<p><a class=\"btn btn-secondary understrap-read-more-link\" href=\"https:\/\/volare-project.eu\/fr\/description-objectifs-du-projet\/\">Lire la suite\u2026<span class=\"screen-reader-text\"> from Description &#038; Objectifs du Projet<\/span><\/a><\/p>\n","protected":false},"author":1,"featured_media":922,"parent":0,"menu_order":0,"comment_status":"closed","ping_status":"closed","template":"","meta":{"_acf_changed":false,"footnotes":""},"class_list":["post-455","page","type-page","status-publish","has-post-thumbnail","hentry"],"acf":[],"yoast_head":"<!-- This site is optimized with the Yoast SEO plugin v26.6 - https:\/\/yoast.com\/wordpress\/plugins\/seo\/ -->\n<title>Description &amp; Objectifs du Projet - Volare<\/title>\n<meta name=\"robots\" content=\"index, follow, max-snippet:-1, max-image-preview:large, max-video-preview:-1\" \/>\n<link rel=\"canonical\" href=\"https:\/\/volare-project.eu\/fr\/description-objectifs-du-projet\/\" \/>\n<meta property=\"og:locale\" content=\"fr_FR\" \/>\n<meta property=\"og:type\" content=\"article\" \/>\n<meta property=\"og:title\" content=\"Description &amp; Objectifs du Projet - Volare\" \/>\n<meta property=\"og:description\" content=\"[vc_row][vc_column][vc_column_text css=\u00a0\u00bb\u00a0\u00bb] DESCRIPTION [\/vc_column_text][vc_column_text css=\u00a0\u00bb\u00a0\u00bb]Le projet vise \u00e0 cr\u00e9er un r\u00e9f\u00e9rentiel num\u00e9rique qui capture des t\u00e9moignages r\u00e9els de personnes appartenant \u00e0 des groupes minoritaires et \u00e0 familiariser les \u00e9tudiants et les \u00e9ducateurs avec la m\u00e9thodologie interdisciplinaire et les approches ethnographiques participatives. En pla\u00e7ant les voix et les biographies des \u00e9tudiants et enseignants migrants\/r\u00e9fugi\u00e9s au premier [...]Lire la suite\u2026 from Description &#038; Objectifs du Projet\" \/>\n<meta property=\"og:url\" content=\"https:\/\/volare-project.eu\/fr\/description-objectifs-du-projet\/\" \/>\n<meta property=\"og:site_name\" content=\"Volare\" \/>\n<meta property=\"article:modified_time\" content=\"2025-03-12T11:47:27+00:00\" \/>\n<meta property=\"og:image\" content=\"https:\/\/volare-project.eu\/wp-content\/uploads\/2025\/03\/449773207_10232398393373532_3377569146431836197_n.jpg\" \/>\n\t<meta property=\"og:image:width\" content=\"2048\" \/>\n\t<meta property=\"og:image:height\" content=\"1366\" \/>\n\t<meta property=\"og:image:type\" content=\"image\/jpeg\" \/>\n<meta name=\"twitter:card\" content=\"summary_large_image\" \/>\n<meta name=\"twitter:label1\" content=\"Dur\u00e9e de lecture estim\u00e9e\" \/>\n\t<meta name=\"twitter:data1\" content=\"4 minutes\" \/>\n<script type=\"application\/ld+json\" class=\"yoast-schema-graph\">{\"@context\":\"https:\/\/schema.org\",\"@graph\":[{\"@type\":\"WebPage\",\"@id\":\"https:\/\/volare-project.eu\/fr\/description-objectifs-du-projet\/\",\"url\":\"https:\/\/volare-project.eu\/fr\/description-objectifs-du-projet\/\",\"name\":\"Description & Objectifs du Projet - Volare\",\"isPartOf\":{\"@id\":\"https:\/\/volare-project.eu\/#website\"},\"primaryImageOfPage\":{\"@id\":\"https:\/\/volare-project.eu\/fr\/description-objectifs-du-projet\/#primaryimage\"},\"image\":{\"@id\":\"https:\/\/volare-project.eu\/fr\/description-objectifs-du-projet\/#primaryimage\"},\"thumbnailUrl\":\"https:\/\/volare-project.eu\/wp-content\/uploads\/2025\/03\/449773207_10232398393373532_3377569146431836197_n.jpg\",\"datePublished\":\"2024-05-14T11:45:02+00:00\",\"dateModified\":\"2025-03-12T11:47:27+00:00\",\"breadcrumb\":{\"@id\":\"https:\/\/volare-project.eu\/fr\/description-objectifs-du-projet\/#breadcrumb\"},\"inLanguage\":\"fr-FR\",\"potentialAction\":[{\"@type\":\"ReadAction\",\"target\":[\"https:\/\/volare-project.eu\/fr\/description-objectifs-du-projet\/\"]}]},{\"@type\":\"ImageObject\",\"inLanguage\":\"fr-FR\",\"@id\":\"https:\/\/volare-project.eu\/fr\/description-objectifs-du-projet\/#primaryimage\",\"url\":\"https:\/\/volare-project.eu\/wp-content\/uploads\/2025\/03\/449773207_10232398393373532_3377569146431836197_n.jpg\",\"contentUrl\":\"https:\/\/volare-project.eu\/wp-content\/uploads\/2025\/03\/449773207_10232398393373532_3377569146431836197_n.jpg\",\"width\":2048,\"height\":1366},{\"@type\":\"BreadcrumbList\",\"@id\":\"https:\/\/volare-project.eu\/fr\/description-objectifs-du-projet\/#breadcrumb\",\"itemListElement\":[{\"@type\":\"ListItem\",\"position\":1,\"name\":\"Home\",\"item\":\"https:\/\/volare-project.eu\/fr\/\"},{\"@type\":\"ListItem\",\"position\":2,\"name\":\"Description &#038; Objectifs du Projet\"}]},{\"@type\":\"WebSite\",\"@id\":\"https:\/\/volare-project.eu\/#website\",\"url\":\"https:\/\/volare-project.eu\/\",\"name\":\"Volare\",\"description\":\"\",\"publisher\":{\"@id\":\"https:\/\/volare-project.eu\/#organization\"},\"potentialAction\":[{\"@type\":\"SearchAction\",\"target\":{\"@type\":\"EntryPoint\",\"urlTemplate\":\"https:\/\/volare-project.eu\/?s={search_term_string}\"},\"query-input\":{\"@type\":\"PropertyValueSpecification\",\"valueRequired\":true,\"valueName\":\"search_term_string\"}}],\"inLanguage\":\"fr-FR\"},{\"@type\":\"Organization\",\"@id\":\"https:\/\/volare-project.eu\/#organization\",\"name\":\"Volare\",\"url\":\"https:\/\/volare-project.eu\/\",\"logo\":{\"@type\":\"ImageObject\",\"inLanguage\":\"fr-FR\",\"@id\":\"https:\/\/volare-project.eu\/#\/schema\/logo\/image\/\",\"url\":\"https:\/\/volare-project.eu\/wp-content\/uploads\/2024\/05\/logo-volare.png\",\"contentUrl\":\"https:\/\/volare-project.eu\/wp-content\/uploads\/2024\/05\/logo-volare.png\",\"width\":400,\"height\":285,\"caption\":\"Volare\"},\"image\":{\"@id\":\"https:\/\/volare-project.eu\/#\/schema\/logo\/image\/\"}}]}<\/script>\n<!-- \/ Yoast SEO plugin. -->","yoast_head_json":{"title":"Description & Objectifs du Projet - Volare","robots":{"index":"index","follow":"follow","max-snippet":"max-snippet:-1","max-image-preview":"max-image-preview:large","max-video-preview":"max-video-preview:-1"},"canonical":"https:\/\/volare-project.eu\/fr\/description-objectifs-du-projet\/","og_locale":"fr_FR","og_type":"article","og_title":"Description & Objectifs du Projet - Volare","og_description":"[vc_row][vc_column][vc_column_text css=\u00a0\u00bb\u00a0\u00bb] DESCRIPTION [\/vc_column_text][vc_column_text css=\u00a0\u00bb\u00a0\u00bb]Le projet vise \u00e0 cr\u00e9er un r\u00e9f\u00e9rentiel num\u00e9rique qui capture des t\u00e9moignages r\u00e9els de personnes appartenant \u00e0 des groupes minoritaires et \u00e0 familiariser les \u00e9tudiants et les \u00e9ducateurs avec la m\u00e9thodologie interdisciplinaire et les approches ethnographiques participatives. En pla\u00e7ant les voix et les biographies des \u00e9tudiants et enseignants migrants\/r\u00e9fugi\u00e9s au premier [...]Lire la suite\u2026 from Description &#038; Objectifs du Projet","og_url":"https:\/\/volare-project.eu\/fr\/description-objectifs-du-projet\/","og_site_name":"Volare","article_modified_time":"2025-03-12T11:47:27+00:00","og_image":[{"width":2048,"height":1366,"url":"https:\/\/volare-project.eu\/wp-content\/uploads\/2025\/03\/449773207_10232398393373532_3377569146431836197_n.jpg","type":"image\/jpeg"}],"twitter_card":"summary_large_image","twitter_misc":{"Dur\u00e9e de lecture estim\u00e9e":"4 minutes"},"schema":{"@context":"https:\/\/schema.org","@graph":[{"@type":"WebPage","@id":"https:\/\/volare-project.eu\/fr\/description-objectifs-du-projet\/","url":"https:\/\/volare-project.eu\/fr\/description-objectifs-du-projet\/","name":"Description & Objectifs du Projet - Volare","isPartOf":{"@id":"https:\/\/volare-project.eu\/#website"},"primaryImageOfPage":{"@id":"https:\/\/volare-project.eu\/fr\/description-objectifs-du-projet\/#primaryimage"},"image":{"@id":"https:\/\/volare-project.eu\/fr\/description-objectifs-du-projet\/#primaryimage"},"thumbnailUrl":"https:\/\/volare-project.eu\/wp-content\/uploads\/2025\/03\/449773207_10232398393373532_3377569146431836197_n.jpg","datePublished":"2024-05-14T11:45:02+00:00","dateModified":"2025-03-12T11:47:27+00:00","breadcrumb":{"@id":"https:\/\/volare-project.eu\/fr\/description-objectifs-du-projet\/#breadcrumb"},"inLanguage":"fr-FR","potentialAction":[{"@type":"ReadAction","target":["https:\/\/volare-project.eu\/fr\/description-objectifs-du-projet\/"]}]},{"@type":"ImageObject","inLanguage":"fr-FR","@id":"https:\/\/volare-project.eu\/fr\/description-objectifs-du-projet\/#primaryimage","url":"https:\/\/volare-project.eu\/wp-content\/uploads\/2025\/03\/449773207_10232398393373532_3377569146431836197_n.jpg","contentUrl":"https:\/\/volare-project.eu\/wp-content\/uploads\/2025\/03\/449773207_10232398393373532_3377569146431836197_n.jpg","width":2048,"height":1366},{"@type":"BreadcrumbList","@id":"https:\/\/volare-project.eu\/fr\/description-objectifs-du-projet\/#breadcrumb","itemListElement":[{"@type":"ListItem","position":1,"name":"Home","item":"https:\/\/volare-project.eu\/fr\/"},{"@type":"ListItem","position":2,"name":"Description &#038; Objectifs du Projet"}]},{"@type":"WebSite","@id":"https:\/\/volare-project.eu\/#website","url":"https:\/\/volare-project.eu\/","name":"Volare","description":"","publisher":{"@id":"https:\/\/volare-project.eu\/#organization"},"potentialAction":[{"@type":"SearchAction","target":{"@type":"EntryPoint","urlTemplate":"https:\/\/volare-project.eu\/?s={search_term_string}"},"query-input":{"@type":"PropertyValueSpecification","valueRequired":true,"valueName":"search_term_string"}}],"inLanguage":"fr-FR"},{"@type":"Organization","@id":"https:\/\/volare-project.eu\/#organization","name":"Volare","url":"https:\/\/volare-project.eu\/","logo":{"@type":"ImageObject","inLanguage":"fr-FR","@id":"https:\/\/volare-project.eu\/#\/schema\/logo\/image\/","url":"https:\/\/volare-project.eu\/wp-content\/uploads\/2024\/05\/logo-volare.png","contentUrl":"https:\/\/volare-project.eu\/wp-content\/uploads\/2024\/05\/logo-volare.png","width":400,"height":285,"caption":"Volare"},"image":{"@id":"https:\/\/volare-project.eu\/#\/schema\/logo\/image\/"}}]}},"_links":{"self":[{"href":"https:\/\/volare-project.eu\/fr\/wp-json\/wp\/v2\/pages\/455","targetHints":{"allow":["GET"]}}],"collection":[{"href":"https:\/\/volare-project.eu\/fr\/wp-json\/wp\/v2\/pages"}],"about":[{"href":"https:\/\/volare-project.eu\/fr\/wp-json\/wp\/v2\/types\/page"}],"author":[{"embeddable":true,"href":"https:\/\/volare-project.eu\/fr\/wp-json\/wp\/v2\/users\/1"}],"replies":[{"embeddable":true,"href":"https:\/\/volare-project.eu\/fr\/wp-json\/wp\/v2\/comments?post=455"}],"version-history":[{"count":3,"href":"https:\/\/volare-project.eu\/fr\/wp-json\/wp\/v2\/pages\/455\/revisions"}],"predecessor-version":[{"id":488,"href":"https:\/\/volare-project.eu\/fr\/wp-json\/wp\/v2\/pages\/455\/revisions\/488"}],"wp:featuredmedia":[{"embeddable":true,"href":"https:\/\/volare-project.eu\/fr\/wp-json\/wp\/v2\/media\/922"}],"wp:attachment":[{"href":"https:\/\/volare-project.eu\/fr\/wp-json\/wp\/v2\/media?parent=455"}],"curies":[{"name":"wp","href":"https:\/\/api.w.org\/{rel}","templated":true}]}}